{"id":16,"date":"2018-10-15T12:08:18","date_gmt":"2018-10-15T12:08:18","guid":{"rendered":"https:\/home\/wjdysur\/www\/wjdysur.cluster029.hosting.ovh.net\/?page_id=16"},"modified":"2023-05-09T20:54:26","modified_gmt":"2023-05-09T20:54:26","slug":"dzialalnosc","status":"publish","type":"page","link":"https:\/\/tpd-ostrow-maz.pl\/?page_id=16","title":{"rendered":"Dzia\u0142alno\u015b\u0107"},"content":{"rendered":"<p>Przy ZP TPD w powiecie ostrowskim dzia\u0142a 13 k\u00f3\u0142 w Szko\u0142ach Podstawowych w miejscowo\u015bciach: Zar\u0119by Ko\u015bcielne, Kalinowo, Jelonki, Dudy, Koziki, Stara Rusko\u0142\u0119ka, W\u0105sewo, Sul\u0119cin, w Zespole Szk\u00f3\u0142 Specjalnych w Starym Lubiejewie.<\/p>\n<p>Na terenie Miasta Ostr\u00f3w Mazowiecka dzia\u0142a OSTROWSKIE KO\u0141O RODZIC\u00d3W.<\/p>\n<p>Ko\u0142a rodzic\u00f3w w Jasienicy, Komorowie i Starym Lubiejewie.<\/p>\n<p>Organizowane s\u0105:<\/p>\n<p>Akcja Bo\u017conarodzeniowa &#8222;Podaj Pomocn\u0105 D\u0142o\u0144&#8221; od 2005r. w ramach kt\u00f3rej Rozdawane s\u0105 paczki, spotkanie wigilijne, akcja Wielkanocna &#8222;Otw\u00f3rz Swoje Serce&#8221;- paczki,spotkania<\/p>\n<p>Akcje turystyczno-krajoznawcze:<\/p>\n<ul>\n<li>wycieczki jednodniowe<\/li>\n<li>wyjazdy socjoterapeutyczne (3 dniowe)<\/li>\n<li>kolonie letnie w g\u00f3rach,nad morzem lub na mazurach<\/li>\n<li>Bank \u017bywno\u015bci &#8211; pomoc \u017cywno\u015bciowa dla dzieci<\/li>\n<li>Rzecznik Praw Dziecka &#8211; spotkania z dzie\u0107mi i m\u0142odzie\u017c\u0105 w plac\u00f3wkach, propagowanie Praw Dziecka zgodnie z konwencj\u0105 o Prawach Dziecka,szkolenia rodzic\u00f3w.<\/li>\n<\/ul>\n","protected":false},"excerpt":{"rendered":"<p>Przy ZP TPD w powiecie ostrowskim dzia\u0142a 13 k\u00f3\u0142 w Szko\u0142ach Podstawowych w miejscowo\u015bciach: Zar\u0119by Ko\u015bcielne, Kalinowo, Jelonki, Dudy, Koziki, Stara Rusko\u0142\u0119ka, W\u0105sewo, Sul\u0119cin, w Zespole Szk\u00f3\u0142 Specjalnych w Starym Lubiejewie. Na terenie Miasta Ostr\u00f3w Mazowiecka dzia\u0142a OSTROWSKIE KO\u0141O RODZIC\u00d3W. Ko\u0142a rodzic\u00f3w w Jasienicy, Komorowie i Starym Lubiejewie. Organizowane s\u0105: Akcja Bo\u017conarodzeniowa &#8222;Podaj Pomocn\u0105 D\u0142o\u0144&#8221; [&hellip;]<\/p>\n","protected":false},"author":1,"featured_media":0,"parent":0,"menu_order":0,"comment_status":"closed","ping_status":"closed","template":"","meta":{"footnotes":""},"class_list":["post-16","page","type-page","status-publish","hentry"],"_links":{"self":[{"href":"https:\/\/tpd-ostrow-maz.pl\/index.php?rest_route=\/wp\/v2\/pages\/16","targetHints":{"allow":["GET"]}}],"collection":[{"href":"https:\/\/tpd-ostrow-maz.pl\/index.php?rest_route=\/wp\/v2\/pages"}],"about":[{"href":"https:\/\/tpd-ostrow-maz.pl\/index.php?rest_route=\/wp\/v2\/types\/page"}],"author":[{"embeddable":true,"href":"https:\/\/tpd-ostrow-maz.pl\/index.php?rest_route=\/wp\/v2\/users\/1"}],"replies":[{"embeddable":true,"href":"https:\/\/tpd-ostrow-maz.pl\/index.php?rest_route=%2Fwp%2Fv2%2Fcomments&post=16"}],"version-history":[{"count":4,"href":"https:\/\/tpd-ostrow-maz.pl\/index.php?rest_route=\/wp\/v2\/pages\/16\/revisions"}],"predecessor-version":[{"id":1106,"href":"https:\/\/tpd-ostrow-maz.pl\/index.php?rest_route=\/wp\/v2\/pages\/16\/revisions\/1106"}],"wp:attachment":[{"href":"https:\/\/tpd-ostrow-maz.pl\/index.php?rest_route=%2Fwp%2Fv2%2Fmedia&parent=16"}],"curies":[{"name":"wp","href":"https:\/\/api.w.org\/{rel}","templated":true}]}}